{"id":35,"date":"2012-10-12T12:51:04","date_gmt":"2012-10-12T12:51:04","guid":{"rendered":"http:\/\/vu2044.admin.phpwebhosting.cz\/?page_id=35"},"modified":"2014-06-25T13:09:06","modified_gmt":"2014-06-25T13:09:06","slug":"kontakty","status":"publish","type":"page","link":"https:\/\/www.dychame.sk\/?page_id=35","title":{"rendered":"Kontakty"},"content":{"rendered":"<h2 style=\"margin-top: -15px;\">D\u00fdch\u00e1me.sk &#8211;\u00a0internetov\u00fd magaz\u00edn s tipmi, radami, n\u00e1vody pre v\u00e1\u0161 spokojn\u00fd \u017eivot<\/h2>\n<p><strong>\u017eivotn\u00fd \u0161t\u00fdl | cestovanie | \u0161port | zdravie | rodinn\u00e9 financie<\/strong><\/p>\n<div style=\"margin-top: -15px;\">\n<p>&nbsp;<\/p>\n<p>Kontakt na redakci:\u00a0<a style=\"color: #86d045;\" href=\"mailto:redakce@dychame.cz\">redakce@dychame.cz<\/a><\/p>\n<p style=\"color: #000000;\">\u010c\u00e1st fotografick\u00e9ho a redak\u010dn\u00edho obsahu pro projekt\u00a0<strong>D\u00fdch\u00e1me.cz<\/strong>\u00a0zaji\u0161\u0165uje\u00a0spole\u010dnost\u00a0<strong>xBizon, s.r.o.<\/strong><\/p>\n<p>&nbsp;<\/p>\n<\/div>\n","protected":false},"excerpt":{"rendered":"<p>D\u00fdch\u00e1me.sk &#8211;\u00a0internetov\u00fd magaz\u00edn s tipmi, radami, n\u00e1vody pre v\u00e1\u0161 spokojn\u00fd \u017eivot \u017eivotn\u00fd \u0161t\u00fdl | cestovanie | \u0161port | zdravie | rodinn\u00e9 financie &nbsp; Kontakt na redakci:\u00a0redakce@dychame.cz \u010c\u00e1st fotografick\u00e9ho a redak\u010dn\u00edho obsahu pro projekt\u00a0D\u00fdch\u00e1me.cz\u00a0zaji\u0161\u0165uje\u00a0spole\u010dnost\u00a0xBizon, s.r.o. &nbsp;<\/p>\n","protected":false},"author":2,"featured_media":0,"parent":0,"menu_order":0,"comment_status":"open","ping_status":"open","template":"","meta":{"footnotes":""},"class_list":["post-35","page","type-page","status-publish","hentry"],"_links":{"self":[{"href":"https:\/\/www.dychame.sk\/index.php?rest_route=\/wp\/v2\/pages\/35","targetHints":{"allow":["GET"]}}],"collection":[{"href":"https:\/\/www.dychame.sk\/index.php?rest_route=\/wp\/v2\/pages"}],"about":[{"href":"https:\/\/www.dychame.sk\/index.php?rest_route=\/wp\/v2\/types\/page"}],"author":[{"embeddable":true,"href":"https:\/\/www.dychame.sk\/index.php?rest_route=\/wp\/v2\/users\/2"}],"replies":[{"embeddable":true,"href":"https:\/\/www.dychame.sk\/index.php?rest_route=%2Fwp%2Fv2%2Fcomments&post=35"}],"version-history":[{"count":1,"href":"https:\/\/www.dychame.sk\/index.php?rest_route=\/wp\/v2\/pages\/35\/revisions"}],"predecessor-version":[{"id":77,"href":"https:\/\/www.dychame.sk\/index.php?rest_route=\/wp\/v2\/pages\/35\/revisions\/77"}],"wp:attachment":[{"href":"https:\/\/www.dychame.sk\/index.php?rest_route=%2Fwp%2Fv2%2Fmedia&parent=35"}],"curies":[{"name":"wp","href":"https:\/\/api.w.org\/{rel}","templated":true}]}}